{"id":5845,"date":"2025-06-12T06:57:39","date_gmt":"2025-06-12T06:57:39","guid":{"rendered":"https:\/\/odyscovertours.com\/datenschutzbestimmungen\/"},"modified":"2025-06-12T06:57:39","modified_gmt":"2025-06-12T06:57:39","slug":"datenschutzbestimmungen","status":"publish","type":"page","link":"https:\/\/odyscovertours.com\/de\/datenschutzbestimmungen\/","title":{"rendered":"Datenschutzbestimmungen"},"content":{"rendered":"\t\t<div data-elementor-type=\"wp-page\" data-elementor-id=\"5845\" class=\"elementor elementor-5845 elementor-4385\" data-elementor-post-type=\"page\">\n\t\t\t\t<div class=\"elementor-element elementor-element-3f9a4047 e-flex e-con-boxed e-con e-parent\" data-id=\"3f9a4047\" data-element_type=\"container\" data-settings=\"{&quot;background_background&quot;:&quot;video&quot;,&quot;background_play_on_mobile&quot;:&quot;yes&quot;,&quot;background_privacy_mode&quot;:&quot;yes&quot;}\">\n\t\t\t\t\t<div class=\"e-con-inner\">\n\t\t<div class=\"elementor-element elementor-element-b05608f e-flex e-con-boxed e-con e-child\" data-id=\"b05608f\" data-element_type=\"container\">\n\t\t\t\t\t<div class=\"e-con-inner\">\n\t\t\t\t<div class=\"elementor-element elementor-element-23d8e2a7 elementor-invisible elementor-widget elementor-widget-heading\" data-id=\"23d8e2a7\" data-element_type=\"widget\" data-settings=\"{&quot;_animation&quot;:&quot;fadeInUp&quot;}\" data-widget_type=\"heading.default\">\n\t\t\t\t<div class=\"elementor-widget-container\">\n\t\t\t\t\t<h2 class=\"elementor-heading-title elementor-size-default\">Privacy Policy<\/h2>\t\t\t\t<\/div>\n\t\t\t\t<\/div>\n\t\t\t\t\t<\/div>\n\t\t\t\t<\/div>\n\t\t\t\t\t<\/div>\n\t\t\t\t<\/div>\n\t\t<div class=\"elementor-element elementor-element-1609393b elementor-hidden-tablet elementor-hidden-mobile e-flex e-con-boxed e-con e-parent\" data-id=\"1609393b\" data-element_type=\"container\">\n\t\t\t\t\t<div class=\"e-con-inner\">\n\t\t\t\t<div class=\"elementor-element elementor-element-518ca8d8 elementor-widget elementor-widget-html\" data-id=\"518ca8d8\" data-element_type=\"widget\" data-widget_type=\"html.default\">\n\t\t\t\t<div class=\"elementor-widget-container\">\n\t\t\t\t\t<style>\n\n\/*main menu area css start*\/\nnav.elementor-nav-menu--main ul li a:hover, nav.elementor-nav-menu--main ul li a.elementor-item.elementor-item-active {\n    background: #FFFFFF;\n    border-radius: 100px;\n}\n.elementor-menu-toggle {\n    padding: 8px;\n}\n\/*main menu area css end*\/\n\n<\/style>\t\t\t\t<\/div>\n\t\t\t\t<\/div>\n\t\t\t\t\t<\/div>\n\t\t\t\t<\/div>\n\t\t<div class=\"elementor-element elementor-element-14012f16 e-con-full e-flex e-con e-parent\" data-id=\"14012f16\" data-element_type=\"container\" data-settings=\"{&quot;background_background&quot;:&quot;classic&quot;}\">\n\t\t<div class=\"elementor-element elementor-element-3afdbb e-con-full e-flex e-con e-child\" data-id=\"3afdbb\" data-element_type=\"container\" data-settings=\"{&quot;background_background&quot;:&quot;classic&quot;}\">\n\t\t<div class=\"elementor-element elementor-element-5fbf90a5 e-con-full e-flex e-con e-child\" data-id=\"5fbf90a5\" data-element_type=\"container\">\n\t\t\t\t<div class=\"elementor-element elementor-element-59b982f elementor-widget elementor-widget-text-editor\" data-id=\"59b982f\" data-element_type=\"widget\" data-widget_type=\"text-editor.default\">\n\t\t\t\t<div class=\"elementor-widget-container\">\n\t\t\t\t\t\t\t\t\t<p data-pm-slice=\"1 1 []\"><em>This policy covers what we do with information that you share with us. But if you ever want us to correct, change, or delete any information we have about you, please just contact us. We\u2019re happy to help.<\/em><\/p><h2>SECTION 1 \u2013 WHAT DO WE DO WITH YOUR INFORMATION?<\/h2><p>When you purchase something from our website, as part of the buying and selling process, we collect the personal information you give us such as your name, phone number, and email address which you provide. When you browse our website, we also automatically receive your computer\u2019s internet protocol (IP) address in order to provide us with information that helps us learn about your browser and operating system.<\/p><h2>SECTION 2 \u2013 CONSENT<\/h2><p><strong>How do you get my consent?<\/strong><br \/>When you provide us with personal information to complete a transaction, verify your credit card, place an order, arrange for a delivery or return a purchase, we imply that you consent to our collecting it and using it for that specific reason only. If we ask for your personal information for a secondary reason, like marketing, we will either ask you directly for your expressed consent, or provide you with an opportunity to say no.<\/p><p><strong>How do I withdraw my consent?<\/strong><br \/>If after you opt-in, you change your mind, you may withdraw your consent for us to contact you, for the continued collection, use or disclosure of your information, at any time by contacting us at <a>contact@odyscovertours.com<\/a>.<\/p><h2>SECTION 3 \u2013 COOKIES<\/h2><p>Cookies are small pieces of data stored on a User\u2019s device. We use cookies and similar tracking technologies to track the activity on our Service and hold certain information (i.e. clicking Cookie Consent banner). Cookies are files with a small amount of data which may include an anonymous unique identifier. Cookies are sent to your browser from a website and stored on your device. Tracking technologies also used are beacons, tags, and scripts to collect and track information and to improve and analyze our Service. You can instruct your browser to refuse all cookies or to indicate when a cookie is being sent. However, if you do not accept cookies, you may not be able to use some portions of our website.<\/p><h2>SECTION 4 \u2013 THIRD-PARTY SERVICES<\/h2><p>In general, the third-party providers used by us will only collect, use and disclose your information to the extent necessary to allow them to perform the services they provide to us. However, certain third-party service providers, such as payment gateways and other payment transaction processors, have their own privacy policies in respect to the information we are required to provide to them for your purchase-related transactions. For these providers, we recommend that you read their privacy policies so you can understand the manner in which your personal information will be handled by these providers. In particular, remember that certain providers may be located in or have facilities that are located in a different jurisdiction than either you or us. So if you elect to proceed with a transaction that involves the services of a third-party service provider, then your information may become subject to the laws of the jurisdiction(s) in which that service provider or its facilities are located. As an example, if you are located in Canada and your transaction is processed by a payment gateway located in the United States, then your personal information used in completing that transaction may be subject to disclosure under United States legislation, including the Patriot Act.<\/p><p>Once you leave our website or are redirected to a third-party website or application, you are no longer governed by this Privacy Policy or our website\u2019s Terms of Service. When you click on links on our website, they may direct you away from our site. We are not responsible for the privacy practices of other sites and encourage you to read their privacy statements.<\/p><h2>SECTION 5 \u2013 SECURITY<\/h2><p>To protect your personal information, we take reasonable precautions and follow industry best practices to make sure it is not inappropriately lost, misused, accessed, disclosed, altered or destroyed.<\/p><h2>SECTION 6 \u2013 AGE OF CONSENT<\/h2><p>By using this site, you represent that you are at least the age of majority in your state or province of residence, or that you are the age of majority in your state or province of residence and you have given us your consent to allow any of your minor dependents to use this site.<\/p><h2>SECTION 7 \u2013 DISCLOSURE<\/h2><p>We may disclose your personal information if we are required by law to do so or if you violate our Terms of Service.<\/p><h2>SECTION 8 \u2013 CHANGES TO THIS PRIVACY POLICY<\/h2><p>We reserve the right to modify this privacy policy at any time, so please review it frequently. Changes and clarifications will take effect immediately upon their posting on the website. If we make material changes to this policy, we will notify you here that it has been updated, so that you are aware of what information we collect, how we use it, and under what circumstances, if any, we use or disclose it. If our website is acquired or merged with another company, your information may be transferred to the new owners so that we may continue to sell products to you.<\/p>\t\t\t\t\t\t\t\t<\/div>\n\t\t\t\t<\/div>\n\t\t\t\t<\/div>\n\t\t\t\t<\/div>\n\t\t\t\t<\/div>\n\t\t<div class=\"elementor-element elementor-element-34238a4b e-con-full e-flex e-con e-parent\" data-id=\"34238a4b\" data-element_type=\"container\" data-settings=\"{&quot;background_background&quot;:&quot;classic&quot;}\">\n\t\t\t\t<\/div>\n\t\t\t\t<\/div>\n\t\t","protected":false},"excerpt":{"rendered":"<p>Datenschutzbestimmungen Diese Richtlinie regelt, was wir mit den Informationen tun, die Sie uns zur Verf\u00fcgung stellen. Wenn Sie jedoch m\u00f6chten, dass wir Informationen, die wir \u00fcber Sie haben, korrigieren, \u00e4ndern oder l\u00f6schen, kontaktieren Sie uns bitte. Wir helfen Ihnen gerne. ABSCHNITT 1 &#8211; WAS MACHEN WIR MIT IHREN DATEN? Wenn Sie etwas auf unserer Website [&hellip;]<\/p>\n","protected":false},"author":1,"featured_media":0,"parent":0,"menu_order":0,"comment_status":"closed","ping_status":"closed","template":"elementor_header_footer","meta":{"footnotes":""},"class_list":["post-5845","page","type-page","status-publish","hentry"],"_links":{"self":[{"href":"https:\/\/odyscovertours.com\/de\/wp-json\/wp\/v2\/pages\/5845","targetHints":{"allow":["GET"]}}],"collection":[{"href":"https:\/\/odyscovertours.com\/de\/wp-json\/wp\/v2\/pages"}],"about":[{"href":"https:\/\/odyscovertours.com\/de\/wp-json\/wp\/v2\/types\/page"}],"author":[{"embeddable":true,"href":"https:\/\/odyscovertours.com\/de\/wp-json\/wp\/v2\/users\/1"}],"replies":[{"embeddable":true,"href":"https:\/\/odyscovertours.com\/de\/wp-json\/wp\/v2\/comments?post=5845"}],"version-history":[{"count":0,"href":"https:\/\/odyscovertours.com\/de\/wp-json\/wp\/v2\/pages\/5845\/revisions"}],"wp:attachment":[{"href":"https:\/\/odyscovertours.com\/de\/wp-json\/wp\/v2\/media?parent=5845"}],"curies":[{"name":"wp","href":"https:\/\/api.w.org\/{rel}","templated":true}]}}