{"id":4929,"date":"2025-05-02T09:21:42","date_gmt":"2025-05-02T09:21:42","guid":{"rendered":"https:\/\/odyscovertours.com\/sobre-nos\/"},"modified":"2025-07-25T08:51:43","modified_gmt":"2025-07-25T08:51:43","slug":"sobre-nos","status":"publish","type":"page","link":"https:\/\/odyscovertours.com\/pt-pt\/sobre-nos\/","title":{"rendered":"Sobre n\u00f3s"},"content":{"rendered":"\t\t<div data-elementor-type=\"wp-page\" data-elementor-id=\"4929\" class=\"elementor elementor-4929 elementor-1324\" data-elementor-post-type=\"page\">\n\t\t\t\t<div class=\"elementor-element elementor-element-73f2a79a e-con-full e-flex e-con e-parent\" data-id=\"73f2a79a\" data-element_type=\"container\" data-settings=\"{&quot;background_background&quot;:&quot;classic&quot;}\">\n\t\t\t\t<div class=\"elementor-element elementor-element-1e137736 elementor-invisible elementor-widget elementor-widget-heading\" data-id=\"1e137736\" data-element_type=\"widget\" data-settings=\"{&quot;_animation&quot;:&quot;fadeInUp&quot;}\" data-widget_type=\"heading.default\">\n\t\t\t\t<div class=\"elementor-widget-container\">\n\t\t\t\t\t<h2 class=\"elementor-heading-title elementor-size-default\">Conhece a alma por detr\u00e1s da digress\u00e3o<\/h2>\t\t\t\t<\/div>\n\t\t\t\t<\/div>\n\t\t\t\t<div class=\"elementor-element elementor-element-21660c00 elementor-widget__width-initial elementor-invisible elementor-widget elementor-widget-text-editor\" data-id=\"21660c00\" data-element_type=\"widget\" data-settings=\"{&quot;_animation&quot;:&quot;fadeInUp&quot;}\" data-widget_type=\"text-editor.default\">\n\t\t\t\t<div class=\"elementor-widget-container\">\n\t\t\t\t\t\t\t\t\t<p>Odyscover \u00e9 mais do que uma visita guiada &#8211; \u00e9 uma hist\u00f3ria, uma vibra\u00e7\u00e3o e uma mulher numa miss\u00e3o.<\/p>\t\t\t\t\t\t\t\t<\/div>\n\t\t\t\t<\/div>\n\t\t\t\t<\/div>\n\t\t<div class=\"elementor-element elementor-element-6e13f75d elementor-hidden-tablet elementor-hidden-mobile e-flex e-con-boxed e-con e-parent\" data-id=\"6e13f75d\" data-element_type=\"container\">\n\t\t\t\t\t<div class=\"e-con-inner\">\n\t\t\t\t<div class=\"elementor-element elementor-element-360c5664 elementor-widget elementor-widget-html\" data-id=\"360c5664\" data-element_type=\"widget\" data-widget_type=\"html.default\">\n\t\t\t\t<div class=\"elementor-widget-container\">\n\t\t\t\t\t<style>\/*main menu area css start*\/\nnav.elementor-nav-menu--main ul li a:hover, nav.elementor-nav-menu--main ul li a.elementor-item.elementor-item-active {\n    background: #FFFFFF;\n    border-radius: 100px;\n}\n.elementor-menu-toggle {\n    padding: 8px;\n}\n\/*main menu area css end*\/\n\n<\/style>\t\t\t\t<\/div>\n\t\t\t\t<\/div>\n\t\t\t\t\t<\/div>\n\t\t\t\t<\/div>\n\t\t<div class=\"elementor-element elementor-element-56483d9d e-con-full e-flex e-con e-parent\" data-id=\"56483d9d\" data-element_type=\"container\" data-settings=\"{&quot;background_background&quot;:&quot;classic&quot;}\">\n\t\t<div class=\"elementor-element elementor-element-5eee04c4 e-con-full e-flex e-con e-child\" data-id=\"5eee04c4\" data-element_type=\"container\" data-settings=\"{&quot;background_background&quot;:&quot;classic&quot;}\">\n\t\t<div class=\"elementor-element elementor-element-7d2323aa e-con-full e-flex e-con e-child\" data-id=\"7d2323aa\" data-element_type=\"container\">\n\t\t\t\t<div class=\"elementor-element elementor-element-149aecda elementor-widget-tablet__width-initial elementor-widget__width-inherit elementor-widget elementor-widget-heading\" data-id=\"149aecda\" data-element_type=\"widget\" data-widget_type=\"heading.default\">\n\t\t\t\t<div class=\"elementor-widget-container\">\n\t\t\t\t\t<h2 class=\"elementor-heading-title elementor-size-default\">A nossa hist\u00f3ria<\/h2>\t\t\t\t<\/div>\n\t\t\t\t<\/div>\n\t\t\t\t<div class=\"elementor-element elementor-element-2a333de0 elementor-widget elementor-widget-text-editor\" data-id=\"2a333de0\" data-element_type=\"widget\" data-widget_type=\"text-editor.default\">\n\t\t\t\t<div class=\"elementor-widget-container\">\n\t\t\t\t\t\t\t\t\t<p data-start=\"788\" data-end=\"1192\">Odyscover was born from a simple idea: to turn classic sightseeing into unforgettable human experiences.<br data-start=\"892\" data-end=\"895\">Behind every tour, there\u2019s <strong data-start=\"922\" data-end=\"934\">Mathilde<\/strong> \u2013 a passionate Parisian with a bold heart, an eye for beauty, and an unstoppable desire to share her love for the city. After years working with agencies, she decided to launch her own platform \u2014 <strong data-start=\"1131\" data-end=\"1192\">one where authenticity, joy and local stories come first.<\/strong> <\/p><p data-start=\"1194\" data-end=\"1466\">Odyscover n\u00e3o se trata de seguir uma bandeira no meio de uma multid\u00e3o. Trata-se de <strong data-start=\"1257\" data-end=\"1353\">estabelecer liga\u00e7\u00f5es com os habitantes locais,<\/strong> de <strong data-start=\"1257\" data-end=\"1353\">rir com o teu guia e de te apaixonares pelas pequenas coisas<\/strong> &#8211; o aroma de uma boulangerie em Montmartre, a hora dourada no Sena, as hist\u00f3rias secretas por detr\u00e1s das paredes de pedra. <\/p>\t\t\t\t\t\t\t\t<\/div>\n\t\t\t\t<\/div>\n\t\t<div class=\"elementor-element elementor-element-5710e0b3 e-con-full e-flex e-con e-child\" data-id=\"5710e0b3\" data-element_type=\"container\">\n\t\t\t\t<\/div>\n\t\t\t\t<div class=\"elementor-element elementor-element-32b58306 elementor-widget__width-auto elementor-hidden-tablet elementor-hidden-mobile elementor-widget elementor-widget-image\" data-id=\"32b58306\" data-element_type=\"widget\" data-widget_type=\"image.default\">\n\t\t\t\t<div class=\"elementor-widget-container\">\n\t\t\t\t\t\t\t\t\t\t\t\t\t\t\t<img fetchpriority=\"high\" decoding=\"async\" width=\"683\" height=\"229\" src=\"https:\/\/odyscovertours.com\/wp-content\/uploads\/2025\/05\/2-9-e1743775261380.png\" class=\"attachment-full size-full wp-image-2741\" alt=\"\" srcset=\"https:\/\/odyscovertours.com\/wp-content\/uploads\/2025\/05\/2-9-e1743775261380.png 683w, https:\/\/odyscovertours.com\/wp-content\/uploads\/2025\/05\/2-9-e1743775261380-300x101.png 300w\" sizes=\"(max-width: 683px) 100vw, 683px\" \/>\t\t\t\t\t\t\t\t\t\t\t\t\t\t\t<\/div>\n\t\t\t\t<\/div>\n\t\t\t\t<\/div>\n\t\t<div class=\"elementor-element elementor-element-61556dfd e-con-full e-flex e-con e-child\" data-id=\"61556dfd\" data-element_type=\"container\">\n\t\t\t\t<div class=\"elementor-element elementor-element-34ac4c78 elementor-widget elementor-widget-image\" data-id=\"34ac4c78\" data-element_type=\"widget\" data-widget_type=\"image.default\">\n\t\t\t\t<div class=\"elementor-widget-container\">\n\t\t\t\t\t\t\t\t\t\t\t\t\t\t\t<img decoding=\"async\" width=\"800\" height=\"800\" src=\"https:\/\/odyscovertours.com\/wp-content\/uploads\/2025\/06\/Photos-Site-Mathilde-1.png\" class=\"attachment-large size-large wp-image-4953\" alt=\"\" srcset=\"https:\/\/odyscovertours.com\/wp-content\/uploads\/2025\/06\/Photos-Site-Mathilde-1.png 1024w, https:\/\/odyscovertours.com\/wp-content\/uploads\/2025\/06\/Photos-Site-Mathilde-1-300x300.png 300w, https:\/\/odyscovertours.com\/wp-content\/uploads\/2025\/06\/Photos-Site-Mathilde-1-150x150.png 150w, https:\/\/odyscovertours.com\/wp-content\/uploads\/2025\/06\/Photos-Site-Mathilde-1-768x768.png 768w\" sizes=\"(max-width: 800px) 100vw, 800px\" \/>\t\t\t\t\t\t\t\t\t\t\t\t\t\t\t<\/div>\n\t\t\t\t<\/div>\n\t\t\t\t<\/div>\n\t\t\t\t<\/div>\n\t\t\t\t<\/div>\n\t\t<div class=\"elementor-element elementor-element-b447263 e-con-full e-flex e-con e-parent\" data-id=\"b447263\" data-element_type=\"container\" data-settings=\"{&quot;background_background&quot;:&quot;classic&quot;}\">\n\t\t<div class=\"elementor-element elementor-element-40b7c30b e-con-full e-flex e-con e-child\" data-id=\"40b7c30b\" data-element_type=\"container\">\n\t\t\t\t<div class=\"elementor-element elementor-element-86a9d82 elementor-widget-tablet__width-initial elementor-widget__width-inherit elementor-widget elementor-widget-heading\" data-id=\"86a9d82\" data-element_type=\"widget\" data-widget_type=\"heading.default\">\n\t\t\t\t<div class=\"elementor-widget-container\">\n\t\t\t\t\t<h2 class=\"elementor-heading-title elementor-size-default\">Os nossos valores<\/h2>\t\t\t\t<\/div>\n\t\t\t\t<\/div>\n\t\t\t\t<\/div>\n\t\t<div class=\"elementor-element elementor-element-154ed6ea e-con-full e-flex e-con e-child\" data-id=\"154ed6ea\" data-element_type=\"container\">\n\t\t<div class=\"elementor-element elementor-element-714cf1a7 e-con-full e-flex e-con e-child\" data-id=\"714cf1a7\" data-element_type=\"container\">\n\t\t<div class=\"elementor-element elementor-element-9fbd5c0 e-con-full e-flex e-con e-child\" data-id=\"9fbd5c0\" data-element_type=\"container\">\n\t\t\t\t<div class=\"elementor-element elementor-element-32b2f0f5 elementor-view-stacked elementor-shape-rounded elementor-widget elementor-widget-icon\" data-id=\"32b2f0f5\" data-element_type=\"widget\" data-widget_type=\"icon.default\">\n\t\t\t\t<div class=\"elementor-widget-container\">\n\t\t\t\t\t\t\t<div class=\"elementor-icon-wrapper\">\n\t\t\t<div class=\"elementor-icon\">\n\t\t\t<i aria-hidden=\"true\" class=\"far fa-grin-beam\"><\/i>\t\t\t<\/div>\n\t\t<\/div>\n\t\t\t\t\t\t<\/div>\n\t\t\t\t<\/div>\n\t\t<div class=\"elementor-element elementor-element-1e310afd e-con-full e-flex e-con e-child\" data-id=\"1e310afd\" data-element_type=\"container\">\n\t\t\t\t<div class=\"elementor-element elementor-element-74b6ac0f elementor-widget elementor-widget-heading\" data-id=\"74b6ac0f\" data-element_type=\"widget\" data-widget_type=\"heading.default\">\n\t\t\t\t<div class=\"elementor-widget-container\">\n\t\t\t\t\t<h3 class=\"elementor-heading-title elementor-size-default\">O ser humano em primeiro lugar<\/h3>\t\t\t\t<\/div>\n\t\t\t\t<\/div>\n\t\t\t\t<\/div>\n\t\t\t\t<div class=\"elementor-element elementor-element-7a0b9e75 elementor-widget__width-initial elementor-widget elementor-widget-text-editor\" data-id=\"7a0b9e75\" data-element_type=\"widget\" data-widget_type=\"text-editor.default\">\n\t\t\t\t<div class=\"elementor-widget-container\">\n\t\t\t\t\t\t\t\t\t<p>Cada passeio \u00e9 concebido para ligar pessoas &#8211; guias, viajantes, habitantes locais. Acreditamos que uma grande experi\u00eancia come\u00e7a com um sorriso verdadeiro e termina com uma mem\u00f3ria partilhada. <\/p>\t\t\t\t\t\t\t\t<\/div>\n\t\t\t\t<\/div>\n\t\t\t\t<\/div>\n\t\t\t\t<\/div>\n\t\t\t\t<div class=\"elementor-element elementor-element-7474559a elementor-widget-divider--view-line elementor-widget elementor-widget-divider\" data-id=\"7474559a\" data-element_type=\"widget\" data-widget_type=\"divider.default\">\n\t\t\t\t<div class=\"elementor-widget-container\">\n\t\t\t\t\t\t\t<div class=\"elementor-divider\">\n\t\t\t<span class=\"elementor-divider-separator\">\n\t\t\t\t\t\t<\/span>\n\t\t<\/div>\n\t\t\t\t\t\t<\/div>\n\t\t\t\t<\/div>\n\t\t<div class=\"elementor-element elementor-element-2e9ecdbc e-con-full e-flex e-con e-child\" data-id=\"2e9ecdbc\" data-element_type=\"container\">\n\t\t<div class=\"elementor-element elementor-element-6df2e0f e-con-full e-flex e-con e-child\" data-id=\"6df2e0f\" data-element_type=\"container\">\n\t\t\t\t<div class=\"elementor-element elementor-element-52b936ac elementor-view-stacked elementor-shape-rounded elementor-widget elementor-widget-icon\" data-id=\"52b936ac\" data-element_type=\"widget\" data-widget_type=\"icon.default\">\n\t\t\t\t<div class=\"elementor-widget-container\">\n\t\t\t\t\t\t\t<div class=\"elementor-icon-wrapper\">\n\t\t\t<div class=\"elementor-icon\">\n\t\t\t<i aria-hidden=\"true\" class=\"far fa-gem\"><\/i>\t\t\t<\/div>\n\t\t<\/div>\n\t\t\t\t\t\t<\/div>\n\t\t\t\t<\/div>\n\t\t<div class=\"elementor-element elementor-element-45bf75cd e-con-full e-flex e-con e-child\" data-id=\"45bf75cd\" data-element_type=\"container\">\n\t\t\t\t<div class=\"elementor-element elementor-element-83753ee elementor-widget elementor-widget-heading\" data-id=\"83753ee\" data-element_type=\"widget\" data-widget_type=\"heading.default\">\n\t\t\t\t<div class=\"elementor-widget-container\">\n\t\t\t\t\t<h3 class=\"elementor-heading-title elementor-size-default\">Local, n\u00e3o clich\u00e9<\/h3>\t\t\t\t<\/div>\n\t\t\t\t<\/div>\n\t\t\t\t<\/div>\n\t\t\t\t<div class=\"elementor-element elementor-element-5c9b1cbb elementor-widget__width-initial elementor-widget elementor-widget-text-editor\" data-id=\"5c9b1cbb\" data-element_type=\"widget\" data-widget_type=\"text-editor.default\">\n\t\t\t\t<div class=\"elementor-widget-container\">\n\t\t\t\t\t\t\t\t\t<p>Vamos para al\u00e9m dos postais. Mostramos-te a Paris que amamos &#8211; por vezes ca\u00f3tica, mas sempre encantadora. Os nossos guias s\u00e3o verdadeiros parisienses que conhecem todas as j\u00f3ias escondidas e todas as hist\u00f3rias exc\u00eantricas.  <\/p>\t\t\t\t\t\t\t\t<\/div>\n\t\t\t\t<\/div>\n\t\t\t\t<\/div>\n\t\t\t\t<\/div>\n\t\t\t\t<div class=\"elementor-element elementor-element-1da430a1 elementor-widget-divider--view-line elementor-widget elementor-widget-divider\" data-id=\"1da430a1\" data-element_type=\"widget\" data-widget_type=\"divider.default\">\n\t\t\t\t<div class=\"elementor-widget-container\">\n\t\t\t\t\t\t\t<div class=\"elementor-divider\">\n\t\t\t<span class=\"elementor-divider-separator\">\n\t\t\t\t\t\t<\/span>\n\t\t<\/div>\n\t\t\t\t\t\t<\/div>\n\t\t\t\t<\/div>\n\t\t<div class=\"elementor-element elementor-element-1dd8cf41 e-con-full e-flex e-con e-child\" data-id=\"1dd8cf41\" data-element_type=\"container\">\n\t\t<div class=\"elementor-element elementor-element-584ac91d e-con-full e-flex e-con e-child\" data-id=\"584ac91d\" data-element_type=\"container\">\n\t\t\t\t<div class=\"elementor-element elementor-element-591dffad elementor-view-stacked elementor-shape-rounded elementor-widget elementor-widget-icon\" data-id=\"591dffad\" data-element_type=\"widget\" data-widget_type=\"icon.default\">\n\t\t\t\t<div class=\"elementor-widget-container\">\n\t\t\t\t\t\t\t<div class=\"elementor-icon-wrapper\">\n\t\t\t<div class=\"elementor-icon\">\n\t\t\t<i aria-hidden=\"true\" class=\"far fa-heart\"><\/i>\t\t\t<\/div>\n\t\t<\/div>\n\t\t\t\t\t\t<\/div>\n\t\t\t\t<\/div>\n\t\t<div class=\"elementor-element elementor-element-56fa62c2 e-con-full e-flex e-con e-child\" data-id=\"56fa62c2\" data-element_type=\"container\">\n\t\t\t\t<div class=\"elementor-element elementor-element-619015aa elementor-widget elementor-widget-heading\" data-id=\"619015aa\" data-element_type=\"widget\" data-widget_type=\"heading.default\">\n\t\t\t\t<div class=\"elementor-widget-container\">\n\t\t\t\t\t<h3 class=\"elementor-heading-title elementor-size-default\">Simplicidade \u00e9 eleg\u00e2ncia<\/h3>\t\t\t\t<\/div>\n\t\t\t\t<\/div>\n\t\t\t\t<\/div>\n\t\t\t\t<div class=\"elementor-element elementor-element-42acedd9 elementor-widget__width-initial elementor-widget elementor-widget-text-editor\" data-id=\"42acedd9\" data-element_type=\"widget\" data-widget_type=\"text-editor.default\">\n\t\t\t\t<div class=\"elementor-widget-container\">\n\t\t\t\t\t\t\t\t\t<p>Sem confus\u00e3o, sem stress. Mantemos as coisas calmas, amig\u00e1veis e acess\u00edveis &#8211; com a dose certa de estilo franc\u00eas. <\/p>\t\t\t\t\t\t\t\t<\/div>\n\t\t\t\t<\/div>\n\t\t\t\t<\/div>\n\t\t\t\t<\/div>\n\t\t\t\t<div class=\"elementor-element elementor-element-715b11b8 elementor-widget-divider--view-line elementor-widget elementor-widget-divider\" data-id=\"715b11b8\" data-element_type=\"widget\" data-widget_type=\"divider.default\">\n\t\t\t\t<div class=\"elementor-widget-container\">\n\t\t\t\t\t\t\t<div class=\"elementor-divider\">\n\t\t\t<span class=\"elementor-divider-separator\">\n\t\t\t\t\t\t<\/span>\n\t\t<\/div>\n\t\t\t\t\t\t<\/div>\n\t\t\t\t<\/div>\n\t\t<div class=\"elementor-element elementor-element-1fbcaf3b e-con-full e-flex e-con e-child\" data-id=\"1fbcaf3b\" data-element_type=\"container\">\n\t\t<div class=\"elementor-element elementor-element-6226056 e-con-full e-flex e-con e-child\" data-id=\"6226056\" data-element_type=\"container\">\n\t\t\t\t<div class=\"elementor-element elementor-element-5bad4e39 elementor-view-stacked elementor-shape-rounded elementor-widget elementor-widget-icon\" data-id=\"5bad4e39\" data-element_type=\"widget\" data-widget_type=\"icon.default\">\n\t\t\t\t<div class=\"elementor-widget-container\">\n\t\t\t\t\t\t\t<div class=\"elementor-icon-wrapper\">\n\t\t\t<div class=\"elementor-icon\">\n\t\t\t<i aria-hidden=\"true\" class=\"fas fa-sun\"><\/i>\t\t\t<\/div>\n\t\t<\/div>\n\t\t\t\t\t\t<\/div>\n\t\t\t\t<\/div>\n\t\t<div class=\"elementor-element elementor-element-5d2be73f e-con-full e-flex e-con e-child\" data-id=\"5d2be73f\" data-element_type=\"container\">\n\t\t\t\t<div class=\"elementor-element elementor-element-4c57a921 elementor-widget elementor-widget-heading\" data-id=\"4c57a921\" data-element_type=\"widget\" data-widget_type=\"heading.default\">\n\t\t\t\t<div class=\"elementor-widget-container\">\n\t\t\t\t\t<h3 class=\"elementor-heading-title elementor-size-default\">A alegria \u00e9 uma b\u00fassola<\/h3>\t\t\t\t<\/div>\n\t\t\t\t<\/div>\n\t\t\t\t<\/div>\n\t\t\t\t<div class=\"elementor-element elementor-element-14c3a3d2 elementor-widget__width-initial elementor-widget elementor-widget-text-editor\" data-id=\"14c3a3d2\" data-element_type=\"widget\" data-widget_type=\"text-editor.default\">\n\t\t\t\t<div class=\"elementor-widget-container\">\n\t\t\t\t\t\t\t\t\t<p>Acreditamos na divers\u00e3o, na espontaneidade, nas viagens lentas. Queremos que cada h\u00f3spede se sinta animado, surpreendido e talvez um pouco mudado, mesmo depois de uma visita de 2 horas. <\/p>\t\t\t\t\t\t\t\t<\/div>\n\t\t\t\t<\/div>\n\t\t\t\t<\/div>\n\t\t\t\t<\/div>\n\t\t\t\t<div class=\"elementor-element elementor-element-2a8face4 elementor-widget-divider--view-line elementor-widget elementor-widget-divider\" data-id=\"2a8face4\" data-element_type=\"widget\" data-widget_type=\"divider.default\">\n\t\t\t\t<div class=\"elementor-widget-container\">\n\t\t\t\t\t\t\t<div class=\"elementor-divider\">\n\t\t\t<span class=\"elementor-divider-separator\">\n\t\t\t\t\t\t<\/span>\n\t\t<\/div>\n\t\t\t\t\t\t<\/div>\n\t\t\t\t<\/div>\n\t\t\t\t<\/div>\n\t\t\t\t<\/div>\n\t\t<div class=\"elementor-element elementor-element-1c52ffd5 e-con-full e-flex e-con e-parent\" data-id=\"1c52ffd5\" data-element_type=\"container\" data-settings=\"{&quot;background_background&quot;:&quot;classic&quot;}\">\n\t\t<div class=\"elementor-element elementor-element-26571d26 e-con-full e-flex e-con e-child\" data-id=\"26571d26\" data-element_type=\"container\">\n\t\t\t\t<div class=\"elementor-element elementor-element-443be7e4 elementor-hidden-mobile elementor-widget elementor-widget-heading\" data-id=\"443be7e4\" data-element_type=\"widget\" data-settings=\"{&quot;_animation&quot;:&quot;none&quot;,&quot;_animation_mobile&quot;:&quot;none&quot;}\" data-widget_type=\"heading.default\">\n\t\t\t\t<div class=\"elementor-widget-container\">\n\t\t\t\t\t<h1 class=\"elementor-heading-title elementor-size-default\">N\u00e3o nos limitamos a guiar-te por Paris.<\/h1>\t\t\t\t<\/div>\n\t\t\t\t<\/div>\n\t\t\t\t<div class=\"elementor-element elementor-element-1398fc7 elementor-hidden-mobile elementor-widget elementor-widget-heading\" data-id=\"1398fc7\" data-element_type=\"widget\" data-settings=\"{&quot;_animation&quot;:&quot;none&quot;,&quot;_animation_mobile&quot;:&quot;none&quot;}\" data-widget_type=\"heading.default\">\n\t\t\t\t<div class=\"elementor-widget-container\">\n\t\t\t\t\t<h1 class=\"elementor-heading-title elementor-size-default\">N\u00f3s deixamos-te sentir.<\/h1>\t\t\t\t<\/div>\n\t\t\t\t<\/div>\n\t\t\t\t<div class=\"elementor-element elementor-element-3f919797 elementor-widget__width-initial elementor-widget elementor-widget-text-editor\" data-id=\"3f919797\" data-element_type=\"widget\" data-settings=\"{&quot;_animation&quot;:&quot;none&quot;,&quot;_animation_delay&quot;:500,&quot;_animation_mobile&quot;:&quot;none&quot;}\" data-widget_type=\"text-editor.default\">\n\t\t\t\t<div class=\"elementor-widget-container\">\n\t\t\t\t\t\t\t\t\t<p>Na Odyscover, acreditamos que um bom passeio n\u00e3o vem de factos memorizados, <strong>mas de emo\u00e7\u00f5es vividas<\/strong>.  <\/p>\t\t\t\t\t\t\t\t<\/div>\n\t\t\t\t<\/div>\n\t\t\t\t<\/div>\n\t\t\t\t<\/div>\n\t\t<div class=\"elementor-element elementor-element-3427b58d e-con-full e-flex e-con e-parent\" data-id=\"3427b58d\" data-element_type=\"container\" data-settings=\"{&quot;background_background&quot;:&quot;classic&quot;}\">\n\t\t\t\t<div class=\"elementor-element elementor-element-ed9ed0e elementor-widget elementor-widget-html\" data-id=\"ed9ed0e\" data-element_type=\"widget\" data-widget_type=\"html.default\">\n\t\t\t\t<div class=\"elementor-widget-container\">\n\t\t\t\t\t<!-- Elfsight Reviews from Tripadvisor | Untitled Reviews from Tripadvisor -->\n<script src=\"https:\/\/static.elfsight.com\/platform\/platform.js\" async=\"\"><\/script>\n<div class=\"elfsight-app-eb3fe49e-e3d1-43d8-81f8-2e2e1288a414\" data-elfsight-app-lazy=\"\"><\/div>\t\t\t\t<\/div>\n\t\t\t\t<\/div>\n\t\t\t\t<\/div>\n\t\t<div class=\"elementor-element elementor-element-7d96156 e-flex e-con-boxed e-con e-parent\" data-id=\"7d96156\" data-element_type=\"container\">\n\t\t\t\t\t<div class=\"e-con-inner\">\n\t\t\t\t\t<\/div>\n\t\t\t\t<\/div>\n\t\t\t\t<\/div>\n\t\t","protected":false},"excerpt":{"rendered":"<p>Conhece a alma por detr\u00e1s da digress\u00e3o Odyscover \u00e9 mais do que uma visita guiada &#8211; \u00e9 uma hist\u00f3ria, uma vibra\u00e7\u00e3o e uma mulher numa miss\u00e3o. A nossa hist\u00f3ria Odyscover was born from a simple idea: to turn classic sightseeing into unforgettable human experiences.Behind every tour, there\u2019s Mathilde \u2013 a passionate Parisian with a bold [&hellip;]<\/p>\n","protected":false},"author":1,"featured_media":0,"parent":0,"menu_order":0,"comment_status":"closed","ping_status":"closed","template":"elementor_header_footer","meta":{"footnotes":""},"class_list":["post-4929","page","type-page","status-publish","hentry"],"_links":{"self":[{"href":"https:\/\/odyscovertours.com\/pt-pt\/wp-json\/wp\/v2\/pages\/4929","targetHints":{"allow":["GET"]}}],"collection":[{"href":"https:\/\/odyscovertours.com\/pt-pt\/wp-json\/wp\/v2\/pages"}],"about":[{"href":"https:\/\/odyscovertours.com\/pt-pt\/wp-json\/wp\/v2\/types\/page"}],"author":[{"embeddable":true,"href":"https:\/\/odyscovertours.com\/pt-pt\/wp-json\/wp\/v2\/users\/1"}],"replies":[{"embeddable":true,"href":"https:\/\/odyscovertours.com\/pt-pt\/wp-json\/wp\/v2\/comments?post=4929"}],"version-history":[{"count":4,"href":"https:\/\/odyscovertours.com\/pt-pt\/wp-json\/wp\/v2\/pages\/4929\/revisions"}],"predecessor-version":[{"id":6523,"href":"https:\/\/odyscovertours.com\/pt-pt\/wp-json\/wp\/v2\/pages\/4929\/revisions\/6523"}],"wp:attachment":[{"href":"https:\/\/odyscovertours.com\/pt-pt\/wp-json\/wp\/v2\/media?parent=4929"}],"curies":[{"name":"wp","href":"https:\/\/api.w.org\/{rel}","templated":true}]}}